{"id":2997,"date":"2025-05-24T12:05:38","date_gmt":"2025-05-24T15:05:38","guid":{"rendered":"https:\/\/rukana.com.ar\/?post_type=product&#038;p=2997"},"modified":"2025-07-18T17:30:52","modified_gmt":"2025-07-18T20:30:52","slug":"lennon-bear","status":"publish","type":"product","link":"https:\/\/rukana.com.ar\/?product=lennon-bear","title":{"rendered":"Lennon Bear"},"content":{"rendered":"<p>Remera con dobl\u00e9s en mangas, confeccionada en \u201ccrepe\u201d, g\u00e9nero de composici\u00f3n 97% poli\u00e9ster y 3% de elastano.<br \/>\nG\u00e9nero noble, c\u00f3modo y f\u00e1cil de planchar (fundamental)<br \/>\nSu estilo overzise hace que puedas sentirte c\u00f3moda y canchera en cualquier momento del d\u00eda.<\/p>\n<p>Cuidados:<br \/>\nLavar a mano con jab\u00f3n neutro.<br \/>\nLavar por separado de otras prendas.<br \/>\nNo secar al sol.<\/p>\n","protected":false},"excerpt":{"rendered":"<p><a href=\"https:\/\/elpanalmdq.com.ar\/rukana\/wp-content\/uploads\/2023\/06\/descripcion-corta.jpg\"><img fetchpriority=\"high\" decoding=\"async\" class=\"alignnone size-medium wp-image-1723\" src=\"https:\/\/elpanalmdq.com.ar\/rukana\/wp-content\/uploads\/2023\/06\/descripcion-corta-300x300.jpg\" alt=\"\" width=\"300\" height=\"300\" \/><\/a><\/p>\n","protected":false},"featured_media":2990,"comment_status":"open","ping_status":"closed","template":"","meta":[],"product_brand":[],"product_cat":[45,26],"product_tag":[],"class_list":{"0":"post-2997","1":"product","2":"type-product","3":"status-publish","4":"has-post-thumbnail","6":"product_cat-lennon","7":"product_cat-remeras","9":"first","10":"instock","11":"shipping-taxable","12":"purchasable","13":"product-type-simple"},"_links":{"self":[{"href":"https:\/\/rukana.com.ar\/index.php?rest_route=\/wp\/v2\/product\/2997","targetHints":{"allow":["GET"]}}],"collection":[{"href":"https:\/\/rukana.com.ar\/index.php?rest_route=\/wp\/v2\/product"}],"about":[{"href":"https:\/\/rukana.com.ar\/index.php?rest_route=\/wp\/v2\/types\/product"}],"replies":[{"embeddable":true,"href":"https:\/\/rukana.com.ar\/index.php?rest_route=%2Fwp%2Fv2%2Fcomments&post=2997"}],"wp:featuredmedia":[{"embeddable":true,"href":"https:\/\/rukana.com.ar\/index.php?rest_route=\/wp\/v2\/media\/2990"}],"wp:attachment":[{"href":"https:\/\/rukana.com.ar\/index.php?rest_route=%2Fwp%2Fv2%2Fmedia&parent=2997"}],"wp:term":[{"taxonomy":"product_brand","embeddable":true,"href":"https:\/\/rukana.com.ar\/index.php?rest_route=%2Fwp%2Fv2%2Fproduct_brand&post=2997"},{"taxonomy":"product_cat","embeddable":true,"href":"https:\/\/rukana.com.ar\/index.php?rest_route=%2Fwp%2Fv2%2Fproduct_cat&post=2997"},{"taxonomy":"product_tag","embeddable":true,"href":"https:\/\/rukana.com.ar\/index.php?rest_route=%2Fwp%2Fv2%2Fproduct_tag&post=2997"}],"curies":[{"name":"wp","href":"https:\/\/api.w.org\/{rel}","templated":true}]}}