{"id":3065,"date":"2025-05-27T22:22:38","date_gmt":"2025-05-28T01:22:38","guid":{"rendered":"https:\/\/rukana.com.ar\/?post_type=product&#038;p=3065"},"modified":"2025-07-18T17:30:51","modified_gmt":"2025-07-18T20:30:51","slug":"vestido-luna-con-maxi-falda-talle-m-genero-crepe","status":"publish","type":"product","link":"https:\/\/rukana.com.ar\/?product=vestido-luna-con-maxi-falda-talle-m-genero-crepe","title":{"rendered":"Vestido \u201cLuna con maxi falda\u201d talle M g\u00e9nero: crepe"},"content":{"rendered":"<p>En Rukana, los vestidos de remate son prendas que han cumplido su ciclo dentro de nuestro servicio de alquiler. Estos vestidos, que han sido parte de muchas historias y momentos especiales, ya no forman parte del stock activo para alquilar debido al tiempo de uso o al recambio de colecciones.<\/p>\n<p>Por eso, los rematamos \u2014es decir, los ponemos a la venta con precios significativamente rebajados\u2014 para que puedan seguir teniendo vida en manos de nuevas due\u00f1as. Es una oportunidad \u00fanica para adquirir vestidos de dise\u00f1o a un valor accesible, y al mismo tiempo, una forma de darle un cierre sostenible al ciclo de cada prenda.<\/p>\n<p>Vestidos con historia, listos para comenzar una nueva.<\/p>\n","protected":false},"excerpt":{"rendered":"<p><a href=\"https:\/\/rukana.com.ar\/wp-content\/uploads\/2025\/05\/dd7b27d7-299d-4431-9ffb-6d325a1a89cf.jpg\"><img fetchpriority=\"high\" decoding=\"async\" class=\"alignnone size-medium wp-image-3059\" src=\"https:\/\/rukana.com.ar\/wp-content\/uploads\/2025\/05\/dd7b27d7-299d-4431-9ffb-6d325a1a89cf-240x300.jpg\" alt=\"\" width=\"240\" height=\"300\" srcset=\"https:\/\/rukana.com.ar\/wp-content\/uploads\/2025\/05\/dd7b27d7-299d-4431-9ffb-6d325a1a89cf-240x300.jpg 240w, https:\/\/rukana.com.ar\/wp-content\/uploads\/2025\/05\/dd7b27d7-299d-4431-9ffb-6d325a1a89cf-819x1024.jpg 819w, https:\/\/rukana.com.ar\/wp-content\/uploads\/2025\/05\/dd7b27d7-299d-4431-9ffb-6d325a1a89cf-768x960.jpg 768w, https:\/\/rukana.com.ar\/wp-content\/uploads\/2025\/05\/dd7b27d7-299d-4431-9ffb-6d325a1a89cf-600x750.jpg 600w, https:\/\/rukana.com.ar\/wp-content\/uploads\/2025\/05\/dd7b27d7-299d-4431-9ffb-6d325a1a89cf.jpg 1080w\" sizes=\"(max-width: 240px) 100vw, 240px\" \/><\/a><\/p>\n","protected":false},"featured_media":3054,"comment_status":"open","ping_status":"closed","template":"","meta":[],"product_brand":[],"product_cat":[46],"product_tag":[],"class_list":{"0":"post-3065","1":"product","2":"type-product","3":"status-publish","4":"has-post-thumbnail","6":"product_cat-vestidos-remate","8":"first","9":"instock","10":"shipping-taxable","11":"purchasable","12":"product-type-simple"},"_links":{"self":[{"href":"https:\/\/rukana.com.ar\/index.php?rest_route=\/wp\/v2\/product\/3065","targetHints":{"allow":["GET"]}}],"collection":[{"href":"https:\/\/rukana.com.ar\/index.php?rest_route=\/wp\/v2\/product"}],"about":[{"href":"https:\/\/rukana.com.ar\/index.php?rest_route=\/wp\/v2\/types\/product"}],"replies":[{"embeddable":true,"href":"https:\/\/rukana.com.ar\/index.php?rest_route=%2Fwp%2Fv2%2Fcomments&post=3065"}],"wp:featuredmedia":[{"embeddable":true,"href":"https:\/\/rukana.com.ar\/index.php?rest_route=\/wp\/v2\/media\/3054"}],"wp:attachment":[{"href":"https:\/\/rukana.com.ar\/index.php?rest_route=%2Fwp%2Fv2%2Fmedia&parent=3065"}],"wp:term":[{"taxonomy":"product_brand","embeddable":true,"href":"https:\/\/rukana.com.ar\/index.php?rest_route=%2Fwp%2Fv2%2Fproduct_brand&post=3065"},{"taxonomy":"product_cat","embeddable":true,"href":"https:\/\/rukana.com.ar\/index.php?rest_route=%2Fwp%2Fv2%2Fproduct_cat&post=3065"},{"taxonomy":"product_tag","embeddable":true,"href":"https:\/\/rukana.com.ar\/index.php?rest_route=%2Fwp%2Fv2%2Fproduct_tag&post=3065"}],"curies":[{"name":"wp","href":"https:\/\/api.w.org\/{rel}","templated":true}]}}